{"id":17,"date":"2022-09-08T20:42:13","date_gmt":"2022-09-08T20:42:13","guid":{"rendered":"https:\/\/buildup-plus.com\/?page_id=17"},"modified":"2022-09-12T23:00:12","modified_gmt":"2022-09-12T22:00:12","slug":"worum-geht-es","status":"publish","type":"page","link":"https:\/\/buildup-plus.com\/?page_id=17","title":{"rendered":"Worum geht es?"},"content":{"rendered":"\n<h2 id=\"Br\u00fcckenbau\">Br\u00fcckenbau<\/h2>\n\n\n\n<p>Br\u00fcckenbau ist f\u00fcr den Ingenieur eine hochinteressante Disziplin. Hier findet er gro\u00dfe Herausforderungen unter Ber\u00fccksichtigung der jeweiligen \u00f6rtlichen Gegebenheiten.<\/p>\n\n\n\n<p>Besondere Anforderungen ergeben sich, wenn \u00e4ltere Br\u00fccken durch neue und tragf\u00e4higere Br\u00fccken zu ersetzen sind. Der Ersatzbau von Br\u00fccken ist eine zunehmend dringliche Aufgabe.<\/p>\n\n\n\n<p>Fallen Br\u00fccken kurzfristig aufgrund von vorliegenden Sch\u00e4digungen f\u00fcr den Verkehr aus, entstehen zus\u00e4tzlich gravierende Folgen f\u00fcr die betroffene Region und die Politik. Beispielsweise musste im Dezember 2021 die Rahmedetalbr\u00fccke der Autobahn A45 kurzfristig f\u00fcr jeglichen Verkehr gesperrt werden. Bedingt durch die aktuelle Gesetzgebung ben\u00f6tigt ein Neubau mindestens f\u00fcnf Jahre. Auf den eingerichteten Umleitungsstrecken staut sich der Verkehr und die erh\u00f6hten Fahrzeiten haben gravierenden Einfluss auf die Wirtschaft der Region.<\/p>\n\n\n\n<p>Aus dieser Problemstellung heraus entwickelten sich Ideen f\u00fcr den Br\u00fcckenbau. Die Ideen sind unkonventionell. Mal anders gedacht und nicht der Schule des Br\u00fcckenbaus entnommen, aber doch mit dem Sachverstands des Ingenieurs. Es folgten Gebrauchsmuster- und Patentanmeldungen.<\/p>\n\n\n\n<p>Die Ideen sind von Interesse f\u00fcr alle Fachleute, die mit dem Br\u00fcckenbau besch\u00e4ftigt sind.<br>BuildUp+ steht gerne f\u00fcr Fragen und zur Unterst\u00fctzung bereit.<\/p>\n\n\n\n<h2>Zielgruppe Universit\u00e4ten und Forschung<\/h2>\n\n\n\n<p>Wenn nicht in der Forschung, wo sollen dann Ideen vertieft und erweitert werden? Einige der in diesem Dokument aufgef\u00fchrten Ideen sind ideal f\u00fcr Forschungsarbeiten. Hier k\u00f6nnen aus der Forschung wesentliche Impulse in die Wirtschaft getragen werden.<\/p>\n\n\n\n<h2>Zielgruppe Auftraggeber<\/h2>\n\n\n\n<p>Die Ausschreibungen und Genehmigungsverfahren basieren naturgem\u00e4\u00df auf technischen L\u00f6sungen. Da k\u00f6nnen diese vorliegenden Ideen ber\u00fccksichtigt werden und schon im Vorfeld der Planungen einflie\u00dfen.<\/p>\n\n\n\n<h2>Zielgruppe Fachfirmen<\/h2>\n\n\n\n<p>Eine Idee ist kein Bauplan. Qualifizierte Fachleute des Br\u00fcckenbaus m\u00fcssen die richtigen Wege im Detail noch finden. Bitte sprechen Sie uns f\u00fcr eine Verwertung der vorliegenden Ideen an.<br>&nbsp;<br>September 2022<br>Thomas Runkel<br>Gesch\u00e4ftsf\u00fchrer BuildUp+<\/p>\n\n\n\n<div class=\"wp-container-1 is-horizontal is-content-justification-right wp-block-buttons\"><\/div>\n\n\n\n<div class=\"wp-container-2 is-content-justification-right wp-block-buttons\">\n<div class=\"wp-block-button\"><a class=\"wp-block-button__link\" href=\"https:\/\/buildup-plus.com\/?page_id=61\">Weiter&#8230;<\/a><\/div>\n<\/div>\n","protected":false},"excerpt":{"rendered":"<p>Br\u00fcckenbau Br\u00fcckenbau ist f\u00fcr den Ingenieur eine hochinteressante Disziplin. Hier findet er gro\u00dfe Herausforderungen unter Ber\u00fccksichtigung der jeweiligen \u00f6rtlichen Gegebenheiten. Besondere Anforderungen ergeben sich, wenn \u00e4ltere Br\u00fccken durch neue und [&hellip;]<\/p>\n","protected":false},"author":1,"featured_media":0,"parent":4,"menu_order":0,"comment_status":"closed","ping_status":"closed","template":"","meta":[],"_links":{"self":[{"href":"https:\/\/buildup-plus.com\/index.php?rest_route=\/wp\/v2\/pages\/17"}],"collection":[{"href":"https:\/\/buildup-plus.com\/index.php?rest_route=\/wp\/v2\/pages"}],"about":[{"href":"https:\/\/buildup-plus.com\/index.php?rest_route=\/wp\/v2\/types\/page"}],"author":[{"embeddable":true,"href":"https:\/\/buildup-plus.com\/index.php?rest_route=\/wp\/v2\/users\/1"}],"replies":[{"embeddable":true,"href":"https:\/\/buildup-plus.com\/index.php?rest_route=%2Fwp%2Fv2%2Fcomments&post=17"}],"version-history":[{"count":9,"href":"https:\/\/buildup-plus.com\/index.php?rest_route=\/wp\/v2\/pages\/17\/revisions"}],"predecessor-version":[{"id":131,"href":"https:\/\/buildup-plus.com\/index.php?rest_route=\/wp\/v2\/pages\/17\/revisions\/131"}],"up":[{"embeddable":true,"href":"https:\/\/buildup-plus.com\/index.php?rest_route=\/wp\/v2\/pages\/4"}],"wp:attachment":[{"href":"https:\/\/buildup-plus.com\/index.php?rest_route=%2Fwp%2Fv2%2Fmedia&parent=17"}],"curies":[{"name":"wp","href":"https:\/\/api.w.org\/{rel}","templated":true}]}}