{"id":4,"date":"2022-09-08T19:41:59","date_gmt":"2022-09-08T19:41:59","guid":{"rendered":"https:\/\/buildup-plus.com\/?page_id=4"},"modified":"2022-09-14T08:43:48","modified_gmt":"2022-09-14T07:43:48","slug":"willkommen-auf-https-buildup-plus-com","status":"publish","type":"page","link":"https:\/\/buildup-plus.com\/","title":{"rendered":"Das Unternehmen"},"content":{"rendered":"\n<h2>Das Ziel<\/h2>\n\n\n\n<p>Neue Br\u00fccken braucht das Land. Hier sind Innovationen dringend gefordert.<\/p>\n\n\n\n<p>Dazu wurde das Startup BuildUp+ wurde 2022 gegr\u00fcndet.<\/p>\n\n\n\n<h2><strong>Leitbild<\/strong><\/h2>\n\n\n\n<p>Wir m\u00f6chten die besten L\u00f6sungen f\u00fcr Mensch und Technik finden und bereitstellen.<br><br>Gute Ideen werden ausgearbeitet und verwertet.<\/p>\n\n\n\n<p><\/p>\n\n\n\n<div class=\"wp-container-1 is-content-justification-right wp-block-buttons\">\n<div class=\"wp-block-button is-style-fill\"><a class=\"wp-block-button__link\" href=\"https:\/\/buildup-plus.com\/?page_id=17\"><strong>Weiter&#8230;<\/strong><\/a><\/div>\n<\/div>\n\n\n\n<div style=\"height:23px\" aria-hidden=\"true\" class=\"wp-block-spacer\"><\/div>\n\n\n\n<figure class=\"wp-block-image size-large\"><img loading=\"lazy\" width=\"1024\" height=\"338\" src=\"https:\/\/buildup-plus.com\/wp-content\/uploads\/2022\/09\/Ideen-Golden-Gate-Bridge-e1663141382725-1024x338.jpg\" alt=\"Golden Gate Bridge\" class=\"wp-image-140\" srcset=\"https:\/\/buildup-plus.com\/wp-content\/uploads\/2022\/09\/Ideen-Golden-Gate-Bridge-e1663141382725-1024x338.jpg 1024w, https:\/\/buildup-plus.com\/wp-content\/uploads\/2022\/09\/Ideen-Golden-Gate-Bridge-e1663141382725-300x99.jpg 300w, https:\/\/buildup-plus.com\/wp-content\/uploads\/2022\/09\/Ideen-Golden-Gate-Bridge-e1663141382725-768x253.jpg 768w, https:\/\/buildup-plus.com\/wp-content\/uploads\/2022\/09\/Ideen-Golden-Gate-Bridge-e1663141382725-1536x506.jpg 1536w, https:\/\/buildup-plus.com\/wp-content\/uploads\/2022\/09\/Ideen-Golden-Gate-Bridge-e1663141382725-2048x675.jpg 2048w\" sizes=\"(max-width: 1024px) 100vw, 1024px\" \/><figcaption>Golden Gate Bridge<\/figcaption><\/figure>\n","protected":false},"excerpt":{"rendered":"<p>Das Ziel Neue Br\u00fccken braucht das Land. Hier sind Innovationen dringend gefordert. Dazu wurde das Startup BuildUp+ wurde 2022 gegr\u00fcndet. Leitbild Wir m\u00f6chten die besten L\u00f6sungen f\u00fcr Mensch und Technik [&hellip;]<\/p>\n","protected":false},"author":1,"featured_media":0,"parent":0,"menu_order":0,"comment_status":"closed","ping_status":"open","template":"","meta":[],"_links":{"self":[{"href":"https:\/\/buildup-plus.com\/index.php?rest_route=\/wp\/v2\/pages\/4"}],"collection":[{"href":"https:\/\/buildup-plus.com\/index.php?rest_route=\/wp\/v2\/pages"}],"about":[{"href":"https:\/\/buildup-plus.com\/index.php?rest_route=\/wp\/v2\/types\/page"}],"author":[{"embeddable":true,"href":"https:\/\/buildup-plus.com\/index.php?rest_route=\/wp\/v2\/users\/1"}],"replies":[{"embeddable":true,"href":"https:\/\/buildup-plus.com\/index.php?rest_route=%2Fwp%2Fv2%2Fcomments&post=4"}],"version-history":[{"count":25,"href":"https:\/\/buildup-plus.com\/index.php?rest_route=\/wp\/v2\/pages\/4\/revisions"}],"predecessor-version":[{"id":141,"href":"https:\/\/buildup-plus.com\/index.php?rest_route=\/wp\/v2\/pages\/4\/revisions\/141"}],"wp:attachment":[{"href":"https:\/\/buildup-plus.com\/index.php?rest_route=%2Fwp%2Fv2%2Fmedia&parent=4"}],"curies":[{"name":"wp","href":"https:\/\/api.w.org\/{rel}","templated":true}]}}